{"id":6799,"date":"2024-02-26T16:25:05","date_gmt":"2024-02-26T14:25:05","guid":{"rendered":"https:\/\/easytraveller.gr\/New_site\/bodas-santorini-grecia-y-renovacion-de-votos\/"},"modified":"2024-05-22T12:54:51","modified_gmt":"2024-05-22T10:54:51","slug":"bodas-santorini-grecia-y-renovacion-de-votos","status":"publish","type":"page","link":"https:\/\/easytraveller.gr\/es\/bodas-santorini-grecia-y-renovacion-de-votos\/","title":{"rendered":"Bodas Santorini Grecia y renovaci\u00f3n de votos"},"content":{"rendered":"","protected":false},"excerpt":{"rendered":"","protected":false},"author":6,"featured_media":6517,"parent":0,"menu_order":0,"comment_status":"closed","ping_status":"closed","template":"","meta":{"footnotes":""},"class_list":["post-6799","page","type-page","status-publish","has-post-thumbnail","hentry"],"yoast_head":"<!-- This site is optimized with the Yoast SEO Premium plugin v27.4 (Yoast SEO v27.4) - https:\/\/yoast.com\/product\/yoast-seo-premium-wordpress\/ -->\n<title>Bodas Santorini Grecia y renovaci\u00f3n de votos<\/title>\n<meta name=\"description\" content=\"Bodas Santorini Grecia y Renovaci\u00f3n de votos te brindar\u00e1n la posibilidad de hacer de tu d\u00eda tan especial uno memorable para toda tu vida.\" \/>\n<meta name=\"robots\" content=\"index, follow, max-snippet:-1, max-image-preview:large, max-video-preview:-1\" \/>\n<link rel=\"canonical\" href=\"https:\/\/easytraveller.gr\/es\/bodas-santorini-grecia-y-renovacion-de-votos\/\" \/>\n<meta property=\"og:locale\" content=\"es_ES\" \/>\n<meta property=\"og:type\" content=\"article\" \/>\n<meta property=\"og:title\" content=\"Bodas Santorini Grecia y renovaci\u00f3n de votos\" \/>\n<meta property=\"og:description\" content=\"Bodas Santorini Grecia y Renovaci\u00f3n de votos te brindar\u00e1n la posibilidad de hacer de tu d\u00eda tan especial uno memorable para toda tu vida.\" \/>\n<meta property=\"og:url\" content=\"https:\/\/easytraveller.gr\/es\/bodas-santorini-grecia-y-renovacion-de-votos\/\" \/>\n<meta property=\"og:site_name\" content=\"Easytraveller.gr\" \/>\n<meta property=\"article:publisher\" content=\"https:\/\/www.facebook.com\/profile.php?id=61553104652008\" \/>\n<meta property=\"article:modified_time\" content=\"2024-05-22T10:54:51+00:00\" \/>\n<meta property=\"og:image\" content=\"https:\/\/easytraveller.gr\/wp-content\/uploads\/2024\/03\/Santorini_Island_Greece_15.jpg\" \/>\n\t<meta property=\"og:image:width\" content=\"625\" \/>\n\t<meta property=\"og:image:height\" content=\"487\" \/>\n\t<meta property=\"og:image:type\" content=\"image\/jpeg\" \/>\n<meta name=\"twitter:card\" content=\"summary_large_image\" \/>\n<meta name=\"twitter:site\" content=\"@easytravellergr\" \/>\n<meta name=\"twitter:label1\" content=\"Tiempo de lectura\" \/>\n\t<meta name=\"twitter:data1\" content=\"7 minutos\" \/>\n<script type=\"application\/ld+json\" class=\"yoast-schema-graph\">{\"@context\":\"https:\\\/\\\/schema.org\",\"@graph\":[{\"@type\":\"WebPage\",\"@id\":\"https:\\\/\\\/easytraveller.gr\\\/es\\\/bodas-santorini-grecia-y-renovacion-de-votos\\\/\",\"url\":\"https:\\\/\\\/easytraveller.gr\\\/es\\\/bodas-santorini-grecia-y-renovacion-de-votos\\\/\",\"name\":\"Bodas Santorini Grecia y renovaci\u00f3n de votos\",\"isPartOf\":{\"@id\":\"https:\\\/\\\/easytraveller.gr\\\/es\\\/#website\"},\"primaryImageOfPage\":{\"@id\":\"https:\\\/\\\/easytraveller.gr\\\/es\\\/bodas-santorini-grecia-y-renovacion-de-votos\\\/#primaryimage\"},\"image\":{\"@id\":\"https:\\\/\\\/easytraveller.gr\\\/es\\\/bodas-santorini-grecia-y-renovacion-de-votos\\\/#primaryimage\"},\"thumbnailUrl\":\"https:\\\/\\\/easytraveller.gr\\\/wp-content\\\/uploads\\\/2024\\\/03\\\/Santorini_Island_Greece_15.jpg\",\"datePublished\":\"2024-02-26T14:25:05+00:00\",\"dateModified\":\"2024-05-22T10:54:51+00:00\",\"description\":\"Bodas Santorini Grecia y Renovaci\u00f3n de votos te brindar\u00e1n la posibilidad de hacer de tu d\u00eda tan especial uno memorable para toda tu vida.\",\"breadcrumb\":{\"@id\":\"https:\\\/\\\/easytraveller.gr\\\/es\\\/bodas-santorini-grecia-y-renovacion-de-votos\\\/#breadcrumb\"},\"inLanguage\":\"es\",\"potentialAction\":[{\"@type\":\"ReadAction\",\"target\":[\"https:\\\/\\\/easytraveller.gr\\\/es\\\/bodas-santorini-grecia-y-renovacion-de-votos\\\/\"]}]},{\"@type\":\"ImageObject\",\"inLanguage\":\"es\",\"@id\":\"https:\\\/\\\/easytraveller.gr\\\/es\\\/bodas-santorini-grecia-y-renovacion-de-votos\\\/#primaryimage\",\"url\":\"https:\\\/\\\/easytraveller.gr\\\/wp-content\\\/uploads\\\/2024\\\/03\\\/Santorini_Island_Greece_15.jpg\",\"contentUrl\":\"https:\\\/\\\/easytraveller.gr\\\/wp-content\\\/uploads\\\/2024\\\/03\\\/Santorini_Island_Greece_15.jpg\",\"width\":625,\"height\":487,\"caption\":\"La Acr\u00f3polis de Atenas, Grecia\"},{\"@type\":\"BreadcrumbList\",\"@id\":\"https:\\\/\\\/easytraveller.gr\\\/es\\\/bodas-santorini-grecia-y-renovacion-de-votos\\\/#breadcrumb\",\"itemListElement\":[{\"@type\":\"ListItem\",\"position\":1,\"name\":\"Home\",\"item\":\"https:\\\/\\\/easytraveller.gr\\\/es\\\/\"},{\"@type\":\"ListItem\",\"position\":2,\"name\":\"Bodas Santorini Grecia y renovaci\u00f3n de votos\"}]},{\"@type\":\"WebSite\",\"@id\":\"https:\\\/\\\/easytraveller.gr\\\/es\\\/#website\",\"url\":\"https:\\\/\\\/easytraveller.gr\\\/es\\\/\",\"name\":\"Easytraveller.gr\",\"description\":\"Tus expertos en viajes para Grecia y Turqu\u00eda\",\"publisher\":{\"@id\":\"https:\\\/\\\/easytraveller.gr\\\/es\\\/#organization\"},\"potentialAction\":[{\"@type\":\"SearchAction\",\"target\":{\"@type\":\"EntryPoint\",\"urlTemplate\":\"https:\\\/\\\/easytraveller.gr\\\/es\\\/?s={search_term_string}\"},\"query-input\":{\"@type\":\"PropertyValueSpecification\",\"valueRequired\":true,\"valueName\":\"search_term_string\"}}],\"inLanguage\":\"es\"},{\"@type\":\"Organization\",\"@id\":\"https:\\\/\\\/easytraveller.gr\\\/es\\\/#organization\",\"name\":\"Easytraveller.gr\",\"url\":\"https:\\\/\\\/easytraveller.gr\\\/es\\\/\",\"logo\":{\"@type\":\"ImageObject\",\"inLanguage\":\"es\",\"@id\":\"https:\\\/\\\/easytraveller.gr\\\/es\\\/#\\\/schema\\\/logo\\\/image\\\/\",\"url\":\"https:\\\/\\\/easytraveller.gr\\\/wp-content\\\/uploads\\\/2024\\\/10\\\/Easy-Bloggers.jpg\",\"contentUrl\":\"https:\\\/\\\/easytraveller.gr\\\/wp-content\\\/uploads\\\/2024\\\/10\\\/Easy-Bloggers.jpg\",\"width\":120,\"height\":120,\"caption\":\"Easytraveller.gr\"},\"image\":{\"@id\":\"https:\\\/\\\/easytraveller.gr\\\/es\\\/#\\\/schema\\\/logo\\\/image\\\/\"},\"sameAs\":[\"https:\\\/\\\/www.facebook.com\\\/profile.php?id=61553104652008\",\"https:\\\/\\\/x.com\\\/easytravellergr\",\"https:\\\/\\\/www.linkedin.com\\\/company\\\/easytraveller-gr\"]}]}<\/script>\n<!-- \/ Yoast SEO Premium plugin. -->","yoast_head_json":{"title":"Bodas Santorini Grecia y renovaci\u00f3n de votos","description":"Bodas Santorini Grecia y Renovaci\u00f3n de votos te brindar\u00e1n la posibilidad de hacer de tu d\u00eda tan especial uno memorable para toda tu vida.","robots":{"index":"index","follow":"follow","max-snippet":"max-snippet:-1","max-image-preview":"max-image-preview:large","max-video-preview":"max-video-preview:-1"},"canonical":"https:\/\/easytraveller.gr\/es\/bodas-santorini-grecia-y-renovacion-de-votos\/","og_locale":"es_ES","og_type":"article","og_title":"Bodas Santorini Grecia y renovaci\u00f3n de votos","og_description":"Bodas Santorini Grecia y Renovaci\u00f3n de votos te brindar\u00e1n la posibilidad de hacer de tu d\u00eda tan especial uno memorable para toda tu vida.","og_url":"https:\/\/easytraveller.gr\/es\/bodas-santorini-grecia-y-renovacion-de-votos\/","og_site_name":"Easytraveller.gr","article_publisher":"https:\/\/www.facebook.com\/profile.php?id=61553104652008","article_modified_time":"2024-05-22T10:54:51+00:00","og_image":[{"width":625,"height":487,"url":"https:\/\/easytraveller.gr\/wp-content\/uploads\/2024\/03\/Santorini_Island_Greece_15.jpg","type":"image\/jpeg"}],"twitter_card":"summary_large_image","twitter_site":"@easytravellergr","twitter_misc":{"Tiempo de lectura":"7 minutos"},"schema":{"@context":"https:\/\/schema.org","@graph":[{"@type":"WebPage","@id":"https:\/\/easytraveller.gr\/es\/bodas-santorini-grecia-y-renovacion-de-votos\/","url":"https:\/\/easytraveller.gr\/es\/bodas-santorini-grecia-y-renovacion-de-votos\/","name":"Bodas Santorini Grecia y renovaci\u00f3n de votos","isPartOf":{"@id":"https:\/\/easytraveller.gr\/es\/#website"},"primaryImageOfPage":{"@id":"https:\/\/easytraveller.gr\/es\/bodas-santorini-grecia-y-renovacion-de-votos\/#primaryimage"},"image":{"@id":"https:\/\/easytraveller.gr\/es\/bodas-santorini-grecia-y-renovacion-de-votos\/#primaryimage"},"thumbnailUrl":"https:\/\/easytraveller.gr\/wp-content\/uploads\/2024\/03\/Santorini_Island_Greece_15.jpg","datePublished":"2024-02-26T14:25:05+00:00","dateModified":"2024-05-22T10:54:51+00:00","description":"Bodas Santorini Grecia y Renovaci\u00f3n de votos te brindar\u00e1n la posibilidad de hacer de tu d\u00eda tan especial uno memorable para toda tu vida.","breadcrumb":{"@id":"https:\/\/easytraveller.gr\/es\/bodas-santorini-grecia-y-renovacion-de-votos\/#breadcrumb"},"inLanguage":"es","potentialAction":[{"@type":"ReadAction","target":["https:\/\/easytraveller.gr\/es\/bodas-santorini-grecia-y-renovacion-de-votos\/"]}]},{"@type":"ImageObject","inLanguage":"es","@id":"https:\/\/easytraveller.gr\/es\/bodas-santorini-grecia-y-renovacion-de-votos\/#primaryimage","url":"https:\/\/easytraveller.gr\/wp-content\/uploads\/2024\/03\/Santorini_Island_Greece_15.jpg","contentUrl":"https:\/\/easytraveller.gr\/wp-content\/uploads\/2024\/03\/Santorini_Island_Greece_15.jpg","width":625,"height":487,"caption":"La Acr\u00f3polis de Atenas, Grecia"},{"@type":"BreadcrumbList","@id":"https:\/\/easytraveller.gr\/es\/bodas-santorini-grecia-y-renovacion-de-votos\/#breadcrumb","itemListElement":[{"@type":"ListItem","position":1,"name":"Home","item":"https:\/\/easytraveller.gr\/es\/"},{"@type":"ListItem","position":2,"name":"Bodas Santorini Grecia y renovaci\u00f3n de votos"}]},{"@type":"WebSite","@id":"https:\/\/easytraveller.gr\/es\/#website","url":"https:\/\/easytraveller.gr\/es\/","name":"Easytraveller.gr","description":"Tus expertos en viajes para Grecia y Turqu\u00eda","publisher":{"@id":"https:\/\/easytraveller.gr\/es\/#organization"},"potentialAction":[{"@type":"SearchAction","target":{"@type":"EntryPoint","urlTemplate":"https:\/\/easytraveller.gr\/es\/?s={search_term_string}"},"query-input":{"@type":"PropertyValueSpecification","valueRequired":true,"valueName":"search_term_string"}}],"inLanguage":"es"},{"@type":"Organization","@id":"https:\/\/easytraveller.gr\/es\/#organization","name":"Easytraveller.gr","url":"https:\/\/easytraveller.gr\/es\/","logo":{"@type":"ImageObject","inLanguage":"es","@id":"https:\/\/easytraveller.gr\/es\/#\/schema\/logo\/image\/","url":"https:\/\/easytraveller.gr\/wp-content\/uploads\/2024\/10\/Easy-Bloggers.jpg","contentUrl":"https:\/\/easytraveller.gr\/wp-content\/uploads\/2024\/10\/Easy-Bloggers.jpg","width":120,"height":120,"caption":"Easytraveller.gr"},"image":{"@id":"https:\/\/easytraveller.gr\/es\/#\/schema\/logo\/image\/"},"sameAs":["https:\/\/www.facebook.com\/profile.php?id=61553104652008","https:\/\/x.com\/easytravellergr","https:\/\/www.linkedin.com\/company\/easytraveller-gr"]}]}},"_links":{"self":[{"href":"https:\/\/easytraveller.gr\/es\/wp-json\/wp\/v2\/pages\/6799","targetHints":{"allow":["GET"]}}],"collection":[{"href":"https:\/\/easytraveller.gr\/es\/wp-json\/wp\/v2\/pages"}],"about":[{"href":"https:\/\/easytraveller.gr\/es\/wp-json\/wp\/v2\/types\/page"}],"author":[{"embeddable":true,"href":"https:\/\/easytraveller.gr\/es\/wp-json\/wp\/v2\/users\/6"}],"replies":[{"embeddable":true,"href":"https:\/\/easytraveller.gr\/es\/wp-json\/wp\/v2\/comments?post=6799"}],"version-history":[{"count":0,"href":"https:\/\/easytraveller.gr\/es\/wp-json\/wp\/v2\/pages\/6799\/revisions"}],"wp:featuredmedia":[{"embeddable":true,"href":"https:\/\/easytraveller.gr\/es\/wp-json\/wp\/v2\/media\/6517"}],"wp:attachment":[{"href":"https:\/\/easytraveller.gr\/es\/wp-json\/wp\/v2\/media?parent=6799"}],"curies":[{"name":"wp","href":"https:\/\/api.w.org\/{rel}","templated":true}]}}