{"id":6711,"date":"2016-09-05T10:56:21","date_gmt":"2016-09-05T08:56:21","guid":{"rendered":"https:\/\/easytraveller.gr\/New_site\/?page_id=6711"},"modified":"2024-09-17T15:52:30","modified_gmt":"2024-09-17T13:52:30","slug":"operadores-turisticos-receptivos-grecia-turquia-croacia-israel-jordania-egipto","status":"publish","type":"page","link":"https:\/\/easytraveller.gr\/es\/operadores-turisticos-receptivos-grecia-turquia-croacia-israel-jordania-egipto\/","title":{"rendered":"Operadores tur\u00edsticos receptivos Grecia Turqu\u00eda Croacia Israel Jordania Egipto"},"content":{"rendered":"","protected":false},"excerpt":{"rendered":"","protected":false},"author":6,"featured_media":0,"parent":0,"menu_order":0,"comment_status":"closed","ping_status":"closed","template":"","meta":{"footnotes":""},"class_list":["post-6711","page","type-page","status-publish","hentry"],"yoast_head":"<!-- This site is optimized with the Yoast SEO Premium plugin v27.4 (Yoast SEO v27.4) - https:\/\/yoast.com\/product\/yoast-seo-premium-wordpress\/ -->\n<title>Operadores tur\u00edsticos receptivos Grecia Turqu\u00eda Israel Egipto<\/title>\n<meta name=\"description\" content=\"Operadores tur\u00edsticos receptivos Grecia Turqu\u00eda Israel Egipto. Paquetes de vacaciones, cruceros, tours privados, vacaciones a medida\" \/>\n<meta name=\"robots\" content=\"index, follow, max-snippet:-1, max-image-preview:large, max-video-preview:-1\" \/>\n<link rel=\"canonical\" href=\"https:\/\/easytraveller.gr\/es\/operadores-turisticos-receptivos-grecia-turquia-croacia-israel-jordania-egipto\/\" \/>\n<meta property=\"og:locale\" content=\"es_ES\" \/>\n<meta property=\"og:type\" content=\"article\" \/>\n<meta property=\"og:title\" content=\"Operadores tur\u00edsticos receptivos Grecia Turqu\u00eda Croacia Israel Jordania Egipto\" \/>\n<meta property=\"og:description\" content=\"Operadores tur\u00edsticos receptivos Grecia Turqu\u00eda Israel Egipto. Paquetes de vacaciones, cruceros, tours privados, vacaciones a medida\" \/>\n<meta property=\"og:url\" content=\"https:\/\/easytraveller.gr\/es\/operadores-turisticos-receptivos-grecia-turquia-croacia-israel-jordania-egipto\/\" \/>\n<meta property=\"og:site_name\" content=\"Easytraveller.gr\" \/>\n<meta property=\"article:publisher\" content=\"https:\/\/www.facebook.com\/profile.php?id=61553104652008\" \/>\n<meta property=\"article:modified_time\" content=\"2024-09-17T13:52:30+00:00\" \/>\n<meta name=\"twitter:card\" content=\"summary_large_image\" \/>\n<meta name=\"twitter:site\" content=\"@easytravellergr\" \/>\n<meta name=\"twitter:label1\" content=\"Tiempo de lectura\" \/>\n\t<meta name=\"twitter:data1\" content=\"4 minutos\" \/>\n<script type=\"application\/ld+json\" class=\"yoast-schema-graph\">{\"@context\":\"https:\\\/\\\/schema.org\",\"@graph\":[{\"@type\":\"WebPage\",\"@id\":\"https:\\\/\\\/easytraveller.gr\\\/es\\\/operadores-turisticos-receptivos-grecia-turquia-croacia-israel-jordania-egipto\\\/\",\"url\":\"https:\\\/\\\/easytraveller.gr\\\/es\\\/operadores-turisticos-receptivos-grecia-turquia-croacia-israel-jordania-egipto\\\/\",\"name\":\"Operadores tur\u00edsticos receptivos Grecia Turqu\u00eda Israel Egipto\",\"isPartOf\":{\"@id\":\"https:\\\/\\\/easytraveller.gr\\\/es\\\/#website\"},\"datePublished\":\"2016-09-05T08:56:21+00:00\",\"dateModified\":\"2024-09-17T13:52:30+00:00\",\"description\":\"Operadores tur\u00edsticos receptivos Grecia Turqu\u00eda Israel Egipto. Paquetes de vacaciones, cruceros, tours privados, vacaciones a medida\",\"breadcrumb\":{\"@id\":\"https:\\\/\\\/easytraveller.gr\\\/es\\\/operadores-turisticos-receptivos-grecia-turquia-croacia-israel-jordania-egipto\\\/#breadcrumb\"},\"inLanguage\":\"es\",\"potentialAction\":[{\"@type\":\"ReadAction\",\"target\":[\"https:\\\/\\\/easytraveller.gr\\\/es\\\/operadores-turisticos-receptivos-grecia-turquia-croacia-israel-jordania-egipto\\\/\"]}]},{\"@type\":\"BreadcrumbList\",\"@id\":\"https:\\\/\\\/easytraveller.gr\\\/es\\\/operadores-turisticos-receptivos-grecia-turquia-croacia-israel-jordania-egipto\\\/#breadcrumb\",\"itemListElement\":[{\"@type\":\"ListItem\",\"position\":1,\"name\":\"Home\",\"item\":\"https:\\\/\\\/easytraveller.gr\\\/es\\\/\"},{\"@type\":\"ListItem\",\"position\":2,\"name\":\"Operadores tur\u00edsticos receptivos Grecia Turqu\u00eda Croacia Israel Jordania Egipto\"}]},{\"@type\":\"WebSite\",\"@id\":\"https:\\\/\\\/easytraveller.gr\\\/es\\\/#website\",\"url\":\"https:\\\/\\\/easytraveller.gr\\\/es\\\/\",\"name\":\"Easytraveller.gr\",\"description\":\"Tus expertos en viajes para Grecia y Turqu\u00eda\",\"publisher\":{\"@id\":\"https:\\\/\\\/easytraveller.gr\\\/es\\\/#organization\"},\"potentialAction\":[{\"@type\":\"SearchAction\",\"target\":{\"@type\":\"EntryPoint\",\"urlTemplate\":\"https:\\\/\\\/easytraveller.gr\\\/es\\\/?s={search_term_string}\"},\"query-input\":{\"@type\":\"PropertyValueSpecification\",\"valueRequired\":true,\"valueName\":\"search_term_string\"}}],\"inLanguage\":\"es\"},{\"@type\":\"Organization\",\"@id\":\"https:\\\/\\\/easytraveller.gr\\\/es\\\/#organization\",\"name\":\"Easytraveller.gr\",\"url\":\"https:\\\/\\\/easytraveller.gr\\\/es\\\/\",\"logo\":{\"@type\":\"ImageObject\",\"inLanguage\":\"es\",\"@id\":\"https:\\\/\\\/easytraveller.gr\\\/es\\\/#\\\/schema\\\/logo\\\/image\\\/\",\"url\":\"https:\\\/\\\/easytraveller.gr\\\/wp-content\\\/uploads\\\/2024\\\/10\\\/Easy-Bloggers.jpg\",\"contentUrl\":\"https:\\\/\\\/easytraveller.gr\\\/wp-content\\\/uploads\\\/2024\\\/10\\\/Easy-Bloggers.jpg\",\"width\":120,\"height\":120,\"caption\":\"Easytraveller.gr\"},\"image\":{\"@id\":\"https:\\\/\\\/easytraveller.gr\\\/es\\\/#\\\/schema\\\/logo\\\/image\\\/\"},\"sameAs\":[\"https:\\\/\\\/www.facebook.com\\\/profile.php?id=61553104652008\",\"https:\\\/\\\/x.com\\\/easytravellergr\",\"https:\\\/\\\/www.linkedin.com\\\/company\\\/easytraveller-gr\"]}]}<\/script>\n<!-- \/ Yoast SEO Premium plugin. -->","yoast_head_json":{"title":"Operadores tur\u00edsticos receptivos Grecia Turqu\u00eda Israel Egipto","description":"Operadores tur\u00edsticos receptivos Grecia Turqu\u00eda Israel Egipto. Paquetes de vacaciones, cruceros, tours privados, vacaciones a medida","robots":{"index":"index","follow":"follow","max-snippet":"max-snippet:-1","max-image-preview":"max-image-preview:large","max-video-preview":"max-video-preview:-1"},"canonical":"https:\/\/easytraveller.gr\/es\/operadores-turisticos-receptivos-grecia-turquia-croacia-israel-jordania-egipto\/","og_locale":"es_ES","og_type":"article","og_title":"Operadores tur\u00edsticos receptivos Grecia Turqu\u00eda Croacia Israel Jordania Egipto","og_description":"Operadores tur\u00edsticos receptivos Grecia Turqu\u00eda Israel Egipto. Paquetes de vacaciones, cruceros, tours privados, vacaciones a medida","og_url":"https:\/\/easytraveller.gr\/es\/operadores-turisticos-receptivos-grecia-turquia-croacia-israel-jordania-egipto\/","og_site_name":"Easytraveller.gr","article_publisher":"https:\/\/www.facebook.com\/profile.php?id=61553104652008","article_modified_time":"2024-09-17T13:52:30+00:00","twitter_card":"summary_large_image","twitter_site":"@easytravellergr","twitter_misc":{"Tiempo de lectura":"4 minutos"},"schema":{"@context":"https:\/\/schema.org","@graph":[{"@type":"WebPage","@id":"https:\/\/easytraveller.gr\/es\/operadores-turisticos-receptivos-grecia-turquia-croacia-israel-jordania-egipto\/","url":"https:\/\/easytraveller.gr\/es\/operadores-turisticos-receptivos-grecia-turquia-croacia-israel-jordania-egipto\/","name":"Operadores tur\u00edsticos receptivos Grecia Turqu\u00eda Israel Egipto","isPartOf":{"@id":"https:\/\/easytraveller.gr\/es\/#website"},"datePublished":"2016-09-05T08:56:21+00:00","dateModified":"2024-09-17T13:52:30+00:00","description":"Operadores tur\u00edsticos receptivos Grecia Turqu\u00eda Israel Egipto. Paquetes de vacaciones, cruceros, tours privados, vacaciones a medida","breadcrumb":{"@id":"https:\/\/easytraveller.gr\/es\/operadores-turisticos-receptivos-grecia-turquia-croacia-israel-jordania-egipto\/#breadcrumb"},"inLanguage":"es","potentialAction":[{"@type":"ReadAction","target":["https:\/\/easytraveller.gr\/es\/operadores-turisticos-receptivos-grecia-turquia-croacia-israel-jordania-egipto\/"]}]},{"@type":"BreadcrumbList","@id":"https:\/\/easytraveller.gr\/es\/operadores-turisticos-receptivos-grecia-turquia-croacia-israel-jordania-egipto\/#breadcrumb","itemListElement":[{"@type":"ListItem","position":1,"name":"Home","item":"https:\/\/easytraveller.gr\/es\/"},{"@type":"ListItem","position":2,"name":"Operadores tur\u00edsticos receptivos Grecia Turqu\u00eda Croacia Israel Jordania Egipto"}]},{"@type":"WebSite","@id":"https:\/\/easytraveller.gr\/es\/#website","url":"https:\/\/easytraveller.gr\/es\/","name":"Easytraveller.gr","description":"Tus expertos en viajes para Grecia y Turqu\u00eda","publisher":{"@id":"https:\/\/easytraveller.gr\/es\/#organization"},"potentialAction":[{"@type":"SearchAction","target":{"@type":"EntryPoint","urlTemplate":"https:\/\/easytraveller.gr\/es\/?s={search_term_string}"},"query-input":{"@type":"PropertyValueSpecification","valueRequired":true,"valueName":"search_term_string"}}],"inLanguage":"es"},{"@type":"Organization","@id":"https:\/\/easytraveller.gr\/es\/#organization","name":"Easytraveller.gr","url":"https:\/\/easytraveller.gr\/es\/","logo":{"@type":"ImageObject","inLanguage":"es","@id":"https:\/\/easytraveller.gr\/es\/#\/schema\/logo\/image\/","url":"https:\/\/easytraveller.gr\/wp-content\/uploads\/2024\/10\/Easy-Bloggers.jpg","contentUrl":"https:\/\/easytraveller.gr\/wp-content\/uploads\/2024\/10\/Easy-Bloggers.jpg","width":120,"height":120,"caption":"Easytraveller.gr"},"image":{"@id":"https:\/\/easytraveller.gr\/es\/#\/schema\/logo\/image\/"},"sameAs":["https:\/\/www.facebook.com\/profile.php?id=61553104652008","https:\/\/x.com\/easytravellergr","https:\/\/www.linkedin.com\/company\/easytraveller-gr"]}]}},"_links":{"self":[{"href":"https:\/\/easytraveller.gr\/es\/wp-json\/wp\/v2\/pages\/6711","targetHints":{"allow":["GET"]}}],"collection":[{"href":"https:\/\/easytraveller.gr\/es\/wp-json\/wp\/v2\/pages"}],"about":[{"href":"https:\/\/easytraveller.gr\/es\/wp-json\/wp\/v2\/types\/page"}],"author":[{"embeddable":true,"href":"https:\/\/easytraveller.gr\/es\/wp-json\/wp\/v2\/users\/6"}],"replies":[{"embeddable":true,"href":"https:\/\/easytraveller.gr\/es\/wp-json\/wp\/v2\/comments?post=6711"}],"version-history":[{"count":0,"href":"https:\/\/easytraveller.gr\/es\/wp-json\/wp\/v2\/pages\/6711\/revisions"}],"wp:attachment":[{"href":"https:\/\/easytraveller.gr\/es\/wp-json\/wp\/v2\/media?parent=6711"}],"curies":[{"name":"wp","href":"https:\/\/api.w.org\/{rel}","templated":true}]}}